{"id":106,"date":"2023-03-26T14:29:22","date_gmt":"2023-03-26T12:29:22","guid":{"rendered":"https:\/\/sixnapsis.com\/?page_id=106"},"modified":"2023-09-20T19:14:33","modified_gmt":"2023-09-20T17:14:33","slug":"politique-de-confidentialite-de-hopfone","status":"publish","type":"page","link":"https:\/\/sixnapsis.com\/?page_id=106","title":{"rendered":"Politique de confidentialit\u00e9 de Hopfone"},"content":{"rendered":"\n<figure class=\"wp-block-image size-full\"><img loading=\"lazy\" decoding=\"async\" width=\"150\" height=\"150\" src=\"https:\/\/sixnapsis.com\/wp-content\/uploads\/2023\/03\/Icon150x150.png\" alt=\"\" class=\"wp-image-111\"\/><\/figure>\n\n\n\n<p>Lorsque vous utilisez notre application Hopfone, vous nous faites confiance pour le traitement de vos donn\u00e9es. Les pr\u00e9sentes r\u00e8gles de confidentialit\u00e9 visent \u00e0 vous indiquer quelles informations nous collectons et \u00e0 quelles fins. Ces r\u00e8gles sont importantes et nous vous invitons \u00e0 les lire attentivement.<\/p>\n\n\n\n<p>L&rsquo;application utilise le service Sentry comme plateforme de recueil d&rsquo;erreur, de bug, de plantage pour nous permettre d&rsquo;am\u00e9liorer notre logiciel.<\/p>\n\n\n\n<p>L&rsquo;application utilise Matomo pour recevoir des donn\u00e9es d&rsquo;utilisation afin d&rsquo;am\u00e9liorer le service et de dimensioner les outils.<\/p>\n\n\n\n<p>La cr\u00e9ation de compte utilise le prestataire Supabase qui permet de s&rsquo;identifier. <\/p>\n\n\n\n<p>En cas de modification de cette politique de confidentialit\u00e9, cette page sera mise \u00e0 jour dans l&rsquo;application.<\/p>\n\n\n\n<p>Julien Verchere, d\u00e9veloppeur.<\/p>\n\n\n\n<p>Tous droits r\u00e9serv\u00e9s \u2013 20 septembre 2023<\/p>\n\n\n\n\n\n\n","protected":false},"excerpt":{"rendered":"<p>Lorsque vous utilisez notre application Hopfone, vous nous faites confiance pour le traitement de vos donn\u00e9es. Les pr\u00e9sentes r\u00e8gles de confidentialit\u00e9 visent [&hellip;]<\/p>\n","protected":false},"author":1,"featured_media":0,"parent":0,"menu_order":0,"comment_status":"closed","ping_status":"closed","template":"","meta":{"footnotes":""},"class_list":["post-106","page","type-page","status-publish","hentry"],"_links":{"self":[{"href":"https:\/\/sixnapsis.com\/index.php?rest_route=\/wp\/v2\/pages\/106","targetHints":{"allow":["GET"]}}],"collection":[{"href":"https:\/\/sixnapsis.com\/index.php?rest_route=\/wp\/v2\/pages"}],"about":[{"href":"https:\/\/sixnapsis.com\/index.php?rest_route=\/wp\/v2\/types\/page"}],"author":[{"embeddable":true,"href":"https:\/\/sixnapsis.com\/index.php?rest_route=\/wp\/v2\/users\/1"}],"replies":[{"embeddable":true,"href":"https:\/\/sixnapsis.com\/index.php?rest_route=%2Fwp%2Fv2%2Fcomments&post=106"}],"version-history":[{"count":6,"href":"https:\/\/sixnapsis.com\/index.php?rest_route=\/wp\/v2\/pages\/106\/revisions"}],"predecessor-version":[{"id":189,"href":"https:\/\/sixnapsis.com\/index.php?rest_route=\/wp\/v2\/pages\/106\/revisions\/189"}],"wp:attachment":[{"href":"https:\/\/sixnapsis.com\/index.php?rest_route=%2Fwp%2Fv2%2Fmedia&parent=106"}],"curies":[{"name":"wp","href":"https:\/\/api.w.org\/{rel}","templated":true}]}}